{"id":2369,"date":"2021-01-30T15:42:40","date_gmt":"2021-01-30T15:42:40","guid":{"rendered":"http:\/\/box5168.temp.domains\/~bestspe9\/external-links-copy\/"},"modified":"2021-01-30T15:53:39","modified_gmt":"2021-01-30T15:53:39","slug":"external-links","status":"publish","type":"page","link":"http:\/\/best-speech.org\/es\/external-links\/","title":{"rendered":"enlaces externos"},"content":{"rendered":"<p>[vc_row][vc_column]<h1 class=\"sc_title sc_title_underline sc_align_center margin_bottom_tiny\" style=\"text-align:center;font-size:2.647em;\">enlaces externos<\/h1>[vc_column_text css=&#8221;.vc_custom_1612021550405{margin-bottom: 55px !important;}&#8221;]<\/p>\n<p style=\"text-align: center;font-size: 18px;line-height: 23px\">Hay muchos sitios web musulmanes interesantes que los musulmanes pueden navegar y descubrir m\u00e1s sobre la religi\u00f3n del Islam. Aqu\u00ed est\u00e1n los 20 mejores sitios web musulmanes que vale la pena visitar<\/p>\n<p>[\/vc_column_text][\/vc_column][\/vc_row][vc_row gap=&#8221;35&#8243; el_class=&#8221;custom-row&#8221;][vc_column width=&#8221;1\/2&#8243; css=&#8221;.vc_custom_1608933426617{margin-right: 20px !important;}&#8221;]<ul id=\"external-links-section\" class=\"sc_list sc_list_style_iconed\"><li class=\"sc_list_item odd first\" title=\"Islam Question And Answer\"><a href=\"https:\/\/best-speech.org\/\" target=\"_blank\"><span class=\"sc_list_icon icon-right-dir\"><\/span>Islam Question And Answer<\/a><\/li><li class=\"sc_list_item even\" title=\"Islam Question And Answer\"><a href=\"https:\/\/best-speech.org\/\" target=\"_blank\"><span class=\"sc_list_icon icon-right-dir\"><\/span>Islam Question And Answer<\/a><\/li><li class=\"sc_list_item odd\" title=\"Islamic Web\"><a href=\"https:\/\/best-speech.org\/\" target=\"_blank\"><span class=\"sc_list_icon icon-right-dir\"><\/span>Islamic Web<\/a><\/li><li class=\"sc_list_item even\" title=\"Muhammad, The Messenger of God\"><a href=\"https:\/\/best-speech.org\/\" target=\"_blank\"><span class=\"sc_list_icon icon-right-dir\"><\/span>Muhammad, The Messenger of God<\/a><\/li><li class=\"sc_list_item odd\" title=\"Islamic online university\"><a href=\"https:\/\/best-speech.org\/\" target=\"_blank\"><span class=\"sc_list_icon icon-right-dir\"><\/span>Islamic online university<\/a><\/li><li class=\"sc_list_item even\" title=\"Muhammad, The Messenger of God\"><a href=\"https:\/\/best-speech.org\/\" target=\"_blank\"><span class=\"sc_list_icon icon-right-dir\"><\/span>Muhammad, The Messenger of God<\/a><\/li><li class=\"sc_list_item odd\" title=\"Islamic Web\"><a href=\"https:\/\/best-speech.org\/\" target=\"_blank\"><span class=\"sc_list_icon icon-right-dir\"><\/span>Islamic Web<\/a><\/li><li class=\"sc_list_item even\" title=\"Islamic online university\"><a href=\"https:\/\/best-speech.org\/\" target=\"_blank\"><span class=\"sc_list_icon icon-right-dir\"><\/span>Islamic online university<\/a><\/li><\/ul>[\/vc_column][vc_column width=&#8221;1\/2&#8243; css=&#8221;.vc_custom_1608933433409{margin-left: 20px !important;}&#8221;]<ul id=\"external-links-section\" class=\"sc_list sc_list_style_iconed\"><li class=\"sc_list_item odd first\" title=\"Islam Question And Answer\"><a href=\"https:\/\/best-speech.org\/\" target=\"_blank\"><span class=\"sc_list_icon icon-right-dir\"><\/span>Islam Question And Answer<\/a><\/li><li class=\"sc_list_item even\" title=\"Islamic Web\"><a href=\"https:\/\/best-speech.org\/\" target=\"_blank\"><span class=\"sc_list_icon icon-right-dir\"><\/span>Islamic Web<\/a><\/li><li class=\"sc_list_item odd\" title=\"Muhammad, The Messenger of God\"><a href=\"https:\/\/best-speech.org\/\" target=\"_blank\"><span class=\"sc_list_icon icon-right-dir\"><\/span>Muhammad, The Messenger of God<\/a><\/li><li class=\"sc_list_item even\" title=\"Islam Question And Answer\"><a href=\"https:\/\/best-speech.org\/\" target=\"_blank\"><span class=\"sc_list_icon icon-right-dir\"><\/span>Islam Question And Answer<\/a><\/li><li class=\"sc_list_item odd\" title=\"Islamic online university\"><a href=\"https:\/\/best-speech.org\/\" target=\"_blank\"><span class=\"sc_list_icon icon-right-dir\"><\/span>Islamic online university<\/a><\/li><li class=\"sc_list_item even\" title=\"Islamic Web\"><a href=\"https:\/\/best-speech.org\/\" target=\"_blank\"><span class=\"sc_list_icon icon-right-dir\"><\/span>Islamic Web<\/a><\/li><li class=\"sc_list_item odd\" title=\"Muhammad, The Messenger of God\"><a href=\"https:\/\/best-speech.org\/\" target=\"_blank\"><span class=\"sc_list_icon icon-right-dir\"><\/span>Muhammad, The Messenger of God<\/a><\/li><li class=\"sc_list_item even\" title=\"Islamic online university\"><a href=\"https:\/\/best-speech.org\/\" target=\"_blank\"><span class=\"sc_list_icon icon-right-dir\"><\/span>Islamic online university<\/a><\/li><\/ul>[\/vc_column][\/vc_row]<\/p>\n","protected":false},"excerpt":{"rendered":"<p>[vc_row][vc_column][vc_column_text css=&#8221;.vc_custom_1612021550405{margin-bottom: 55px !important;}&#8221;] Hay muchos sitios web musulmanes interesantes que los musulmanes pueden navegar y descubrir m\u00e1s sobre la religi\u00f3n del Islam. Aqu\u00ed est\u00e1n los 20 mejores sitios web [&hellip;]<\/p>\n","protected":false},"author":1,"featured_media":0,"parent":0,"menu_order":0,"comment_status":"closed","ping_status":"closed","template":"","meta":{"footnotes":""},"class_list":["post-2369","page","type-page","status-publish","hentry"],"yoast_head":"<!-- This site is optimized with the Yoast SEO plugin v26.6 - https:\/\/yoast.com\/wordpress\/plugins\/seo\/ -->\n<title>Ahsan AlQawl | enlaces externos<\/title>\n<meta name=\"description\" content=\"enlaces externos\" \/>\n<meta name=\"robots\" content=\"index, follow, max-snippet:-1, max-image-preview:large, max-video-preview:-1\" \/>\n<link rel=\"canonical\" href=\"http:\/\/best-speech.org\/es\/external-links\/\" \/>\n<meta property=\"og:locale\" content=\"es_ES\" \/>\n<meta property=\"og:type\" content=\"article\" \/>\n<meta property=\"og:title\" content=\"Ahsan AlQawl | enlaces externos\" \/>\n<meta property=\"og:description\" content=\"enlaces externos\" \/>\n<meta property=\"og:url\" content=\"http:\/\/best-speech.org\/es\/external-links\/\" \/>\n<meta property=\"og:site_name\" content=\"Ahsan AlQawl\" \/>\n<meta property=\"article:publisher\" content=\"https:\/\/m.facebook.com\/BSS.English\/\" \/>\n<meta property=\"article:modified_time\" content=\"2021-01-30T15:53:39+00:00\" \/>\n<meta property=\"og:image\" content=\"http:\/\/best-speech.org\/wp-content\/uploads\/2021\/01\/Ahsan-El-Kawl2.RenamePNG.png\" \/>\n\t<meta property=\"og:image:width\" content=\"549\" \/>\n\t<meta property=\"og:image:height\" content=\"594\" \/>\n\t<meta property=\"og:image:type\" content=\"image\/png\" \/>\n<meta name=\"twitter:card\" content=\"summary_large_image\" \/>\n<meta name=\"twitter:label1\" content=\"Tiempo de lectura\" \/>\n\t<meta name=\"twitter:data1\" content=\"1 minuto\" \/>\n<script type=\"application\/ld+json\" class=\"yoast-schema-graph\">{\"@context\":\"https:\/\/schema.org\",\"@graph\":[{\"@type\":\"WebPage\",\"@id\":\"http:\/\/best-speech.org\/es\/external-links\/\",\"url\":\"http:\/\/best-speech.org\/es\/external-links\/\",\"name\":\"Ahsan AlQawl | enlaces externos\",\"isPartOf\":{\"@id\":\"https:\/\/best-speech.org\/#website\"},\"datePublished\":\"2021-01-30T15:42:40+00:00\",\"dateModified\":\"2021-01-30T15:53:39+00:00\",\"description\":\"enlaces externos\",\"breadcrumb\":{\"@id\":\"http:\/\/best-speech.org\/es\/external-links\/#breadcrumb\"},\"inLanguage\":\"es\",\"potentialAction\":[{\"@type\":\"ReadAction\",\"target\":[\"http:\/\/best-speech.org\/es\/external-links\/\"]}]},{\"@type\":\"BreadcrumbList\",\"@id\":\"http:\/\/best-speech.org\/es\/external-links\/#breadcrumb\",\"itemListElement\":[{\"@type\":\"ListItem\",\"position\":1,\"name\":\"Home\",\"item\":\"http:\/\/best-speech.org\/es\/\"},{\"@type\":\"ListItem\",\"position\":2,\"name\":\"enlaces externos\"}]},{\"@type\":\"WebSite\",\"@id\":\"https:\/\/best-speech.org\/#website\",\"url\":\"https:\/\/best-speech.org\/\",\"name\":\"Ahsan AlQawl\",\"description\":\"\",\"publisher\":{\"@id\":\"https:\/\/best-speech.org\/#organization\"},\"potentialAction\":[{\"@type\":\"SearchAction\",\"target\":{\"@type\":\"EntryPoint\",\"urlTemplate\":\"https:\/\/best-speech.org\/?s={search_term_string}\"},\"query-input\":{\"@type\":\"PropertyValueSpecification\",\"valueRequired\":true,\"valueName\":\"search_term_string\"}}],\"inLanguage\":\"es\"},{\"@type\":\"Organization\",\"@id\":\"https:\/\/best-speech.org\/#organization\",\"name\":\"Ahsan AlQawl\",\"url\":\"https:\/\/best-speech.org\/\",\"logo\":{\"@type\":\"ImageObject\",\"inLanguage\":\"es\",\"@id\":\"https:\/\/best-speech.org\/#\/schema\/logo\/image\/\",\"url\":\"http:\/\/best-speech.org\/wp-content\/uploads\/2021\/01\/Ahsan-El-Kawl2.RenamePNG.png\",\"contentUrl\":\"http:\/\/best-speech.org\/wp-content\/uploads\/2021\/01\/Ahsan-El-Kawl2.RenamePNG.png\",\"width\":549,\"height\":594,\"caption\":\"Ahsan AlQawl\"},\"image\":{\"@id\":\"https:\/\/best-speech.org\/#\/schema\/logo\/image\/\"},\"sameAs\":[\"https:\/\/m.facebook.com\/BSS.English\/\",\"https:\/\/www.youtube.com\/channel\/UC3uSMcAcDydMe1V17vM-Eow\"]}]}<\/script>\n<!-- \/ Yoast SEO plugin. -->","yoast_head_json":{"title":"Ahsan AlQawl | enlaces externos","description":"enlaces externos","robots":{"index":"index","follow":"follow","max-snippet":"max-snippet:-1","max-image-preview":"max-image-preview:large","max-video-preview":"max-video-preview:-1"},"canonical":"http:\/\/best-speech.org\/es\/external-links\/","og_locale":"es_ES","og_type":"article","og_title":"Ahsan AlQawl | enlaces externos","og_description":"enlaces externos","og_url":"http:\/\/best-speech.org\/es\/external-links\/","og_site_name":"Ahsan AlQawl","article_publisher":"https:\/\/m.facebook.com\/BSS.English\/","article_modified_time":"2021-01-30T15:53:39+00:00","og_image":[{"width":549,"height":594,"url":"http:\/\/best-speech.org\/wp-content\/uploads\/2021\/01\/Ahsan-El-Kawl2.RenamePNG.png","type":"image\/png"}],"twitter_card":"summary_large_image","twitter_misc":{"Tiempo de lectura":"1 minuto"},"schema":{"@context":"https:\/\/schema.org","@graph":[{"@type":"WebPage","@id":"http:\/\/best-speech.org\/es\/external-links\/","url":"http:\/\/best-speech.org\/es\/external-links\/","name":"Ahsan AlQawl | enlaces externos","isPartOf":{"@id":"https:\/\/best-speech.org\/#website"},"datePublished":"2021-01-30T15:42:40+00:00","dateModified":"2021-01-30T15:53:39+00:00","description":"enlaces externos","breadcrumb":{"@id":"http:\/\/best-speech.org\/es\/external-links\/#breadcrumb"},"inLanguage":"es","potentialAction":[{"@type":"ReadAction","target":["http:\/\/best-speech.org\/es\/external-links\/"]}]},{"@type":"BreadcrumbList","@id":"http:\/\/best-speech.org\/es\/external-links\/#breadcrumb","itemListElement":[{"@type":"ListItem","position":1,"name":"Home","item":"http:\/\/best-speech.org\/es\/"},{"@type":"ListItem","position":2,"name":"enlaces externos"}]},{"@type":"WebSite","@id":"https:\/\/best-speech.org\/#website","url":"https:\/\/best-speech.org\/","name":"Ahsan AlQawl","description":"","publisher":{"@id":"https:\/\/best-speech.org\/#organization"},"potentialAction":[{"@type":"SearchAction","target":{"@type":"EntryPoint","urlTemplate":"https:\/\/best-speech.org\/?s={search_term_string}"},"query-input":{"@type":"PropertyValueSpecification","valueRequired":true,"valueName":"search_term_string"}}],"inLanguage":"es"},{"@type":"Organization","@id":"https:\/\/best-speech.org\/#organization","name":"Ahsan AlQawl","url":"https:\/\/best-speech.org\/","logo":{"@type":"ImageObject","inLanguage":"es","@id":"https:\/\/best-speech.org\/#\/schema\/logo\/image\/","url":"http:\/\/best-speech.org\/wp-content\/uploads\/2021\/01\/Ahsan-El-Kawl2.RenamePNG.png","contentUrl":"http:\/\/best-speech.org\/wp-content\/uploads\/2021\/01\/Ahsan-El-Kawl2.RenamePNG.png","width":549,"height":594,"caption":"Ahsan AlQawl"},"image":{"@id":"https:\/\/best-speech.org\/#\/schema\/logo\/image\/"},"sameAs":["https:\/\/m.facebook.com\/BSS.English\/","https:\/\/www.youtube.com\/channel\/UC3uSMcAcDydMe1V17vM-Eow"]}]}},"_links":{"self":[{"href":"http:\/\/best-speech.org\/es\/wp-json\/wp\/v2\/pages\/2369","targetHints":{"allow":["GET"]}}],"collection":[{"href":"http:\/\/best-speech.org\/es\/wp-json\/wp\/v2\/pages"}],"about":[{"href":"http:\/\/best-speech.org\/es\/wp-json\/wp\/v2\/types\/page"}],"author":[{"embeddable":true,"href":"http:\/\/best-speech.org\/es\/wp-json\/wp\/v2\/users\/1"}],"replies":[{"embeddable":true,"href":"http:\/\/best-speech.org\/es\/wp-json\/wp\/v2\/comments?post=2369"}],"version-history":[{"count":2,"href":"http:\/\/best-speech.org\/es\/wp-json\/wp\/v2\/pages\/2369\/revisions"}],"predecessor-version":[{"id":2371,"href":"http:\/\/best-speech.org\/es\/wp-json\/wp\/v2\/pages\/2369\/revisions\/2371"}],"wp:attachment":[{"href":"http:\/\/best-speech.org\/es\/wp-json\/wp\/v2\/media?parent=2369"}],"curies":[{"name":"wp","href":"https:\/\/api.w.org\/{rel}","templated":true}]}}