{"id":1591,"date":"2021-01-07T12:44:55","date_gmt":"2021-01-07T12:44:55","guid":{"rendered":"http:\/\/localhost\/best-speech\/?page_id=1591"},"modified":"2021-03-05T12:30:41","modified_gmt":"2021-03-05T12:30:41","slug":"page-daccueil","status":"publish","type":"page","link":"http:\/\/best-speech.org\/fr\/","title":{"rendered":"Page d&#8217;accueil"},"content":{"rendered":"<p>[vc_row el_id=&#8221;home-products-section&#8221;][vc_column][vc_row_inner][vc_column_inner][rev_slider slidertitle=&#8221;Home Slider FR&#8221; alias=&#8221;home-slider-en-1&#8243;][\/vc_column_inner][\/vc_row_inner]<h2 class=\"sc_title sc_title_underline sc_align_center margin_bottom_tiny\" style=\"margin-top: 1.15em;text-align:center;\">D\u00e9couvrez votre prochain livre<\/h2><div class=\"woocommerce columns-6 \"><\/div><a href=\"bibliotheque-de-livres\/\" class=\"sc_button sc_button_square sc_button_style_filled sc_button_size_small aligncenter margin_top_medium margin_bottom_large sc_popup_link\" style=\"width:190px;\"> D\u00c9COUVREZ PLUS DE LIVRES<\/a>[\/vc_column][\/vc_row][vc_row full_width=&#8221;stretch_row&#8221; css=&#8221;.vc_custom_1609930225984{background-color: #53877a !important;}&#8221;][vc_column width=&#8221;1\/4&#8243;][\/vc_column][vc_column width=&#8221;1\/2&#8243; css=&#8221;.vc_custom_1493217910336{padding-top: 1.5em !important;}&#8221;]<h3 class=\"sc_title sc_title_underline sc_align_center inverse \" style=\"text-align:center;color:#ffffff;\">Restez en contact avec nos mises \u00e0 jour<\/h3>[vc_column_text css=&#8221;.vc_custom_1493217916802{margin-bottom: 3.5em !important;}&#8221;]<script>(function() {\n\twindow.mc4wp = window.mc4wp || {\n\t\tlisteners: [],\n\t\tforms: {\n\t\t\ton: function(evt, cb) {\n\t\t\t\twindow.mc4wp.listeners.push(\n\t\t\t\t\t{\n\t\t\t\t\t\tevent   : evt,\n\t\t\t\t\t\tcallback: cb\n\t\t\t\t\t}\n\t\t\t\t);\n\t\t\t}\n\t\t}\n\t}\n})();\n<\/script><!-- Mailchimp for WordPress v4.10.9 - https:\/\/wordpress.org\/plugins\/mailchimp-for-wp\/ --><form id=\"mc4wp-form-1\" class=\"mc4wp-form mc4wp-form-2842\" method=\"post\" data-id=\"2842\" data-name=\"\" ><div class=\"mc4wp-form-fields\"><input type=\"email\" class=\"sc_emailer_input\" name=\"email\" value=\"\" placeholder=\"Entrez votre e-mail ici\">\n<input type=\"hidden\" class=\"lang-input\" name=\"language\" value=\"&lt;wpml_curved wpml_value='language'&gt;&lt;\/wpml_curved&gt;\">\n<input type=\"submit\" class=\"sc_emailer_button\" value=\"S'inscrire\">\n<\/div><label style=\"display: none !important;\">Laissez ce champ vide si vous \u00eates humain\u00a0: <input type=\"text\" name=\"_mc4wp_honeypot\" value=\"\" tabindex=\"-1\" autocomplete=\"off\" \/><\/label><input type=\"hidden\" name=\"_mc4wp_timestamp\" value=\"1776599527\" \/><input type=\"hidden\" name=\"_mc4wp_form_id\" value=\"2842\" \/><input type=\"hidden\" name=\"_mc4wp_form_element_id\" value=\"mc4wp-form-1\" \/><div class=\"mc4wp-response\"><\/div><\/form><!-- \/ Mailchimp for WordPress Plugin -->[\/vc_column_text][\/vc_column][vc_column width=&#8221;1\/4&#8243;][\/vc_column][\/vc_row][vc_row full_width=&#8221;stretch_row&#8221; css=&#8221;.vc_custom_1610665669070{margin-bottom: 50px !important;background-color: #f5f5f5 !important;}&#8221; el_id=&#8221;bs-category-sec&#8221;][vc_column css=&#8221;.vc_custom_1610665786300{margin-bottom: 50px !important;}&#8221;]<h4 class=\"sc_title sc_title_underline sc_align_center\" style=\"text-align:center;\">Books By Category<\/h4><div class=\"woocommerce columns-4\"><ul class=\"products columns-4\">\n<li class=\"product-category product first\">\n\t<a aria-label=\"Acc\u00e9der \u00e0 la cat\u00e9gorie de produits Femme\" href=\"http:\/\/best-speech.org\/fr\/book-category\/femme-fr\/\"><img loading=\"lazy\" decoding=\"async\" src=\"http:\/\/best-speech.org\/wp-content\/uploads\/2021\/01\/woman-reading-book-evening-home-close-up_122732-1098-340x417.jpg\" alt=\"Femme\" width=\"340\" height=\"520\" \/>\t\t<h2 class=\"woocommerce-loop-category__title\">\n\t\t\tFemme <mark class=\"count\">(1)<\/mark>\t\t<\/h2>\n\t\t<\/a><\/li>\n<li class=\"product-category product\">\n\t<a aria-label=\"Acc\u00e9der \u00e0 la cat\u00e9gorie de produits Biography\" href=\"http:\/\/best-speech.org\/fr\/book-category\/biography-fr\/\"><img loading=\"lazy\" decoding=\"async\" src=\"http:\/\/best-speech.org\/wp-content\/uploads\/2021\/01\/photo-1423592707957-3b212afa6733-340x520.jpg\" alt=\"Biography\" width=\"340\" height=\"520\" \/>\t\t<h2 class=\"woocommerce-loop-category__title\">\n\t\t\tBiography <mark class=\"count\">(2)<\/mark>\t\t<\/h2>\n\t\t<\/a><\/li>\n<li class=\"product-category product\">\n\t<a aria-label=\"Acc\u00e9der \u00e0 la cat\u00e9gorie de produits Scientific Approach\" href=\"http:\/\/best-speech.org\/fr\/book-category\/scientific-approach-fr\/\"><img loading=\"lazy\" decoding=\"async\" src=\"http:\/\/best-speech.org\/wp-content\/uploads\/woocommerce-placeholder-340x520.png\" alt=\"Scientific Approach\" width=\"340\" height=\"520\" \/>\t\t<h2 class=\"woocommerce-loop-category__title\">\n\t\t\tScientific Approach <mark class=\"count\">(1)<\/mark>\t\t<\/h2>\n\t\t<\/a><\/li>\n<\/ul>\n<\/div><a href=\"books-library\/\" class=\"sc_button sc_button_square sc_button_style_filled sc_button_size_small aligncenter sc_popup_link\" style=\"width:226px;\">More books &#8230;<\/a>[\/vc_column][\/vc_row][vc_row][vc_column]<div class=\"columns_wrap sc_columns columns_fluid sc_columns_count_3 home1-block7 margin_top_large margin_bottom_huge\"><div class=\"column-2_3 sc_column_item sc_column_item_1 odd first span_2\"><h6 class=\"sc_title sc_title_underline sc_align_left\" style=\"text-align:left;\">NOTRE RECOMMANDATION<\/h6><\/div><div class=\"column-1_3 sc_column_item sc_column_item_3 odd after_span_2\" style=\"padding-left: 5.5em;\">[vc_widget_sidebar sidebar_id=&#8221;single_sidebar&#8221;]<\/div><\/div>[\/vc_column][\/vc_row][vc_row full_width=&#8221;stretch_row&#8221; css=&#8221;.vc_custom_1614888490990{background: #f7f7f7 url(https:\/\/best-speech.org\/wp-content\/uploads\/2021\/03\/slide2-11-1.jpg?id=2795) !important;background-position: center !important;background-repeat: no-repeat !important;background-size: cover !important;}&#8221;][vc_column]<div id=\"sc_testimonials_883828029\" class=\"sc_testimonials sc_testimonials_style_testimonials-1 \" style=\"margin-top: 4.9em;margin-bottom: 3.1em;width:100%;\"><div class=\"sc_slider_swiper swiper-slider-container sc_slider_pagination sc_slider_pagination_bottom sc_slider_nocontrols sc_slider_height_auto\" data-interval=\"8568\" data-slides-min-width=\"250\"><div class=\"slides swiper-wrapper\"><div class=\"swiper-slide\" data-style=\"width:100%;\" style=\"width:100%;\">\t\t\t<div id=\"sc_testimonials_883828029_1\" class=\"sc_testimonial_item\">\n\t\t\t\t<div class=\"sc_testimonial_content\"><p>I love read romance books. Is so amazing to have your love story in a book that you can always look back on and never forget how much you love each other.<\/p>\n<\/div>\n\t\t\t\t\t\t\t\t\t\t\t\t<div class=\"sc_testimonial_author\"><span class=\"sc_testimonial_author_name\">George<\/span><\/div>\n\t\t\t\t\t\t\t<\/div>\n\t\t<\/div><\/div><div class=\"sc_slider_controls_wrap\"><a class=\"sc_slider_prev\" href=\"#\"><\/a><a class=\"sc_slider_next\" href=\"#\"><\/a><\/div><div class=\"sc_slider_pagination_wrap\"><\/div><\/div><\/div>[\/vc_column][\/vc_row]<\/p>\n","protected":false},"excerpt":{"rendered":"<p>[vc_row el_id=&#8221;home-products-section&#8221;][vc_column][vc_row_inner][vc_column_inner][rev_slider slidertitle=&#8221;Home Slider FR&#8221; alias=&#8221;home-slider-en-1&#8243;][\/vc_column_inner][\/vc_row_inner][\/vc_column][\/vc_row][vc_row full_width=&#8221;stretch_row&#8221; css=&#8221;.vc_custom_1609930225984{background-color: #53877a !important;}&#8221;][vc_column width=&#8221;1\/4&#8243;][\/vc_column][vc_column width=&#8221;1\/2&#8243; css=&#8221;.vc_custom_1493217910336{padding-top: 1.5em !important;}&#8221;][vc_column_text css=&#8221;.vc_custom_1493217916802{margin-bottom: 3.5em !important;}&#8221;][\/vc_column_text][\/vc_column][vc_column width=&#8221;1\/4&#8243;][\/vc_column][\/vc_row][vc_row full_width=&#8221;stretch_row&#8221; css=&#8221;.vc_custom_1610665669070{margin-bottom: 50px !important;background-color: #f5f5f5 !important;}&#8221; el_id=&#8221;bs-category-sec&#8221;][vc_column css=&#8221;.vc_custom_1610665786300{margin-bottom: 50px !important;}&#8221;][\/vc_column][\/vc_row][vc_row][vc_column][\/vc_column][\/vc_row][vc_row full_width=&#8221;stretch_row&#8221; [&hellip;]<\/p>\n","protected":false},"author":1,"featured_media":0,"parent":0,"menu_order":0,"comment_status":"closed","ping_status":"closed","template":"","meta":{"footnotes":""},"class_list":["post-1591","page","type-page","status-publish","hentry"],"yoast_head":"<!-- This site is optimized with the Yoast SEO plugin v26.6 - https:\/\/yoast.com\/wordpress\/plugins\/seo\/ -->\n<title>Ahsan AlQawl | Page d&#039;accueil<\/title>\n<meta name=\"description\" content=\"Page d&#039;accueil\" \/>\n<meta name=\"robots\" content=\"index, follow, max-snippet:-1, max-image-preview:large, max-video-preview:-1\" \/>\n<link rel=\"canonical\" href=\"http:\/\/best-speech.org\/fr\/page-daccueil\/\" \/>\n<meta property=\"og:locale\" content=\"fr_FR\" \/>\n<meta property=\"og:type\" content=\"article\" \/>\n<meta property=\"og:title\" content=\"Ahsan AlQawl | Page d&#039;accueil\" \/>\n<meta property=\"og:description\" content=\"Page d&#039;accueil\" \/>\n<meta property=\"og:url\" content=\"http:\/\/best-speech.org\/page-daccueil\/\" \/>\n<meta property=\"og:site_name\" content=\"Ahsan AlQawl\" \/>\n<meta property=\"article:publisher\" content=\"https:\/\/m.facebook.com\/BSS.English\/\" \/>\n<meta property=\"article:modified_time\" content=\"2021-03-05T12:30:41+00:00\" \/>\n<meta property=\"og:image\" content=\"http:\/\/best-speech.org\/wp-content\/uploads\/2021\/01\/Ahsan-El-Kawl2.RenamePNG.png\" \/>\n\t<meta property=\"og:image:width\" content=\"549\" \/>\n\t<meta property=\"og:image:height\" content=\"594\" \/>\n\t<meta property=\"og:image:type\" content=\"image\/png\" \/>\n<meta name=\"twitter:card\" content=\"summary_large_image\" \/>\n<meta name=\"twitter:label1\" content=\"Dur\u00e9e de lecture estim\u00e9e\" \/>\n\t<meta name=\"twitter:data1\" content=\"1 minute\" \/>\n<script type=\"application\/ld+json\" class=\"yoast-schema-graph\">{\"@context\":\"https:\/\/schema.org\",\"@graph\":[{\"@type\":\"WebPage\",\"@id\":\"http:\/\/best-speech.org\/page-daccueil\/\",\"url\":\"http:\/\/best-speech.org\/page-daccueil\/\",\"name\":\"Ahsan AlQawl | Page d'accueil\",\"isPartOf\":{\"@id\":\"https:\/\/best-speech.org\/#website\"},\"datePublished\":\"2021-01-07T12:44:55+00:00\",\"dateModified\":\"2021-03-05T12:30:41+00:00\",\"description\":\"Page d'accueil\",\"breadcrumb\":{\"@id\":\"http:\/\/best-speech.org\/page-daccueil\/#breadcrumb\"},\"inLanguage\":\"fr-FR\",\"potentialAction\":[{\"@type\":\"ReadAction\",\"target\":[\"http:\/\/best-speech.org\/page-daccueil\/\"]}]},{\"@type\":\"BreadcrumbList\",\"@id\":\"http:\/\/best-speech.org\/page-daccueil\/#breadcrumb\",\"itemListElement\":[{\"@type\":\"ListItem\",\"position\":1,\"name\":\"Home\",\"item\":\"http:\/\/best-speech.org\/page-daccueil\/\"},{\"@type\":\"ListItem\",\"position\":2,\"name\":\"Page d&#8217;accueil\"}]},{\"@type\":\"WebSite\",\"@id\":\"https:\/\/best-speech.org\/#website\",\"url\":\"https:\/\/best-speech.org\/\",\"name\":\"Ahsan AlQawl\",\"description\":\"\",\"publisher\":{\"@id\":\"https:\/\/best-speech.org\/#organization\"},\"potentialAction\":[{\"@type\":\"SearchAction\",\"target\":{\"@type\":\"EntryPoint\",\"urlTemplate\":\"https:\/\/best-speech.org\/?s={search_term_string}\"},\"query-input\":{\"@type\":\"PropertyValueSpecification\",\"valueRequired\":true,\"valueName\":\"search_term_string\"}}],\"inLanguage\":\"fr-FR\"},{\"@type\":\"Organization\",\"@id\":\"https:\/\/best-speech.org\/#organization\",\"name\":\"Ahsan AlQawl\",\"url\":\"https:\/\/best-speech.org\/\",\"logo\":{\"@type\":\"ImageObject\",\"inLanguage\":\"fr-FR\",\"@id\":\"https:\/\/best-speech.org\/#\/schema\/logo\/image\/\",\"url\":\"http:\/\/best-speech.org\/wp-content\/uploads\/2021\/01\/Ahsan-El-Kawl2.RenamePNG.png\",\"contentUrl\":\"http:\/\/best-speech.org\/wp-content\/uploads\/2021\/01\/Ahsan-El-Kawl2.RenamePNG.png\",\"width\":549,\"height\":594,\"caption\":\"Ahsan AlQawl\"},\"image\":{\"@id\":\"https:\/\/best-speech.org\/#\/schema\/logo\/image\/\"},\"sameAs\":[\"https:\/\/m.facebook.com\/BSS.English\/\",\"https:\/\/www.youtube.com\/channel\/UC3uSMcAcDydMe1V17vM-Eow\"]}]}<\/script>\n<!-- \/ Yoast SEO plugin. -->","yoast_head_json":{"title":"Ahsan AlQawl | Page d'accueil","description":"Page d'accueil","robots":{"index":"index","follow":"follow","max-snippet":"max-snippet:-1","max-image-preview":"max-image-preview:large","max-video-preview":"max-video-preview:-1"},"canonical":"http:\/\/best-speech.org\/fr\/page-daccueil\/","og_locale":"fr_FR","og_type":"article","og_title":"Ahsan AlQawl | Page d'accueil","og_description":"Page d'accueil","og_url":"http:\/\/best-speech.org\/page-daccueil\/","og_site_name":"Ahsan AlQawl","article_publisher":"https:\/\/m.facebook.com\/BSS.English\/","article_modified_time":"2021-03-05T12:30:41+00:00","og_image":[{"width":549,"height":594,"url":"http:\/\/best-speech.org\/wp-content\/uploads\/2021\/01\/Ahsan-El-Kawl2.RenamePNG.png","type":"image\/png"}],"twitter_card":"summary_large_image","twitter_misc":{"Dur\u00e9e de lecture estim\u00e9e":"1 minute"},"schema":{"@context":"https:\/\/schema.org","@graph":[{"@type":"WebPage","@id":"http:\/\/best-speech.org\/page-daccueil\/","url":"http:\/\/best-speech.org\/page-daccueil\/","name":"Ahsan AlQawl | Page d'accueil","isPartOf":{"@id":"https:\/\/best-speech.org\/#website"},"datePublished":"2021-01-07T12:44:55+00:00","dateModified":"2021-03-05T12:30:41+00:00","description":"Page d'accueil","breadcrumb":{"@id":"http:\/\/best-speech.org\/page-daccueil\/#breadcrumb"},"inLanguage":"fr-FR","potentialAction":[{"@type":"ReadAction","target":["http:\/\/best-speech.org\/page-daccueil\/"]}]},{"@type":"BreadcrumbList","@id":"http:\/\/best-speech.org\/page-daccueil\/#breadcrumb","itemListElement":[{"@type":"ListItem","position":1,"name":"Home","item":"http:\/\/best-speech.org\/page-daccueil\/"},{"@type":"ListItem","position":2,"name":"Page d&#8217;accueil"}]},{"@type":"WebSite","@id":"https:\/\/best-speech.org\/#website","url":"https:\/\/best-speech.org\/","name":"Ahsan AlQawl","description":"","publisher":{"@id":"https:\/\/best-speech.org\/#organization"},"potentialAction":[{"@type":"SearchAction","target":{"@type":"EntryPoint","urlTemplate":"https:\/\/best-speech.org\/?s={search_term_string}"},"query-input":{"@type":"PropertyValueSpecification","valueRequired":true,"valueName":"search_term_string"}}],"inLanguage":"fr-FR"},{"@type":"Organization","@id":"https:\/\/best-speech.org\/#organization","name":"Ahsan AlQawl","url":"https:\/\/best-speech.org\/","logo":{"@type":"ImageObject","inLanguage":"fr-FR","@id":"https:\/\/best-speech.org\/#\/schema\/logo\/image\/","url":"http:\/\/best-speech.org\/wp-content\/uploads\/2021\/01\/Ahsan-El-Kawl2.RenamePNG.png","contentUrl":"http:\/\/best-speech.org\/wp-content\/uploads\/2021\/01\/Ahsan-El-Kawl2.RenamePNG.png","width":549,"height":594,"caption":"Ahsan AlQawl"},"image":{"@id":"https:\/\/best-speech.org\/#\/schema\/logo\/image\/"},"sameAs":["https:\/\/m.facebook.com\/BSS.English\/","https:\/\/www.youtube.com\/channel\/UC3uSMcAcDydMe1V17vM-Eow"]}]}},"_links":{"self":[{"href":"http:\/\/best-speech.org\/fr\/wp-json\/wp\/v2\/pages\/1591","targetHints":{"allow":["GET"]}}],"collection":[{"href":"http:\/\/best-speech.org\/fr\/wp-json\/wp\/v2\/pages"}],"about":[{"href":"http:\/\/best-speech.org\/fr\/wp-json\/wp\/v2\/types\/page"}],"author":[{"embeddable":true,"href":"http:\/\/best-speech.org\/fr\/wp-json\/wp\/v2\/users\/1"}],"replies":[{"embeddable":true,"href":"http:\/\/best-speech.org\/fr\/wp-json\/wp\/v2\/comments?post=1591"}],"version-history":[{"count":14,"href":"http:\/\/best-speech.org\/fr\/wp-json\/wp\/v2\/pages\/1591\/revisions"}],"predecessor-version":[{"id":1808,"href":"http:\/\/best-speech.org\/fr\/wp-json\/wp\/v2\/pages\/1591\/revisions\/1808"}],"wp:attachment":[{"href":"http:\/\/best-speech.org\/fr\/wp-json\/wp\/v2\/media?parent=1591"}],"curies":[{"name":"wp","href":"https:\/\/api.w.org\/{rel}","templated":true}]}}