{"id":2403,"date":"2021-01-30T16:57:44","date_gmt":"2021-01-30T16:57:44","guid":{"rendered":"http:\/\/box5168.temp.domains\/~bestspe9\/home-copy\/"},"modified":"2021-03-05T12:01:03","modified_gmt":"2021-03-05T12:01:03","slug":"home","status":"publish","type":"page","link":"http:\/\/best-speech.org\/pt-pt\/","title":{"rendered":"Pagina inicial"},"content":{"rendered":"<p>[vc_row el_id=&#8221;home-products-section&#8221;][vc_column][vc_row_inner][vc_column_inner][rev_slider slidertitle=&#8221;Home Slider PT&#8221; alias=&#8221;home-slider-es-1&#8243; offset=&#8221;&#8221;][\/vc_column_inner][\/vc_row_inner]<h2 class=\"sc_title sc_title_underline sc_align_center margin_bottom_tiny\" style=\"margin-top: 1.15em;text-align:center;\">Livros selecionados sobre o Isl\u00e3<\/h2><div class=\"woocommerce columns-6 \"><ul class=\"products columns-6\">\n<li class=\"product type-product post-2393 status-publish first instock product_cat-alcorao product_cat-doutrina product_cat-metodo-cientifico has-post-thumbnail shipping-taxable purchasable product-type-simple\">\n\t<a href=\"http:\/\/best-speech.org\/pt-pt\/books-library\/the-forest-copy-copy\/\" class=\"woocommerce-LoopProduct-link woocommerce-loop-product__link\"><img loading=\"lazy\" decoding=\"async\" width=\"315\" height=\"475\" src=\"http:\/\/best-speech.org\/wp-content\/uploads\/2021\/01\/en_breif-guide.jpg\" class=\"attachment-woocommerce_thumbnail size-woocommerce_thumbnail\" alt=\"Cover\" srcset=\"http:\/\/best-speech.org\/wp-content\/uploads\/2021\/01\/en_breif-guide.jpg 315w, http:\/\/best-speech.org\/wp-content\/uploads\/2021\/01\/en_breif-guide-199x300.jpg 199w\" sizes=\"auto, (max-width: 315px) 100vw, 315px\" \/><h2 class=\"woocommerce-loop-product__title\">Um breve guia ilustrado para compreender o Isl\u00e3<\/h2><p class='archive-en-name'>( A Brief Illustrated Guide To Understanding Islam )<\/p><\/a><\/li>\n<\/ul>\n<\/div><a href=\"books-library\/\" class=\"sc_button sc_button_square sc_button_style_filled sc_button_size_small aligncenter margin_top_medium margin_bottom_large sc_popup_link\" style=\"width:190px;\">MAIS LIVROS &#8230;<\/a>[\/vc_column][\/vc_row][vc_row full_width=&#8221;stretch_row&#8221; css=&#8221;.vc_custom_1609930225984{background-color: #53877a !important;}&#8221;][vc_column width=&#8221;1\/4&#8243;][\/vc_column][vc_column width=&#8221;1\/2&#8243; css=&#8221;.vc_custom_1493217910336{padding-top: 1.5em !important;}&#8221;]<h3 class=\"sc_title sc_title_underline sc_align_center inverse \" style=\"text-align:center;color:#ffffff;\">Fique em contato com as atualiza\u00e7\u00f5es da biblioteca ..<\/h3>[vc_column_text css=&#8221;.vc_custom_1493217916802{margin-bottom: 3.5em !important;}&#8221;]<script>(function() {\n\twindow.mc4wp = window.mc4wp || {\n\t\tlisteners: [],\n\t\tforms: {\n\t\t\ton: function(evt, cb) {\n\t\t\t\twindow.mc4wp.listeners.push(\n\t\t\t\t\t{\n\t\t\t\t\t\tevent   : evt,\n\t\t\t\t\t\tcallback: cb\n\t\t\t\t\t}\n\t\t\t\t);\n\t\t\t}\n\t\t}\n\t}\n})();\n<\/script><!-- Mailchimp for WordPress v4.10.9 - https:\/\/wordpress.org\/plugins\/mailchimp-for-wp\/ --><form id=\"mc4wp-form-1\" class=\"mc4wp-form mc4wp-form-2839\" method=\"post\" data-id=\"2839\" data-name=\"\" ><div class=\"mc4wp-form-fields\"><input type=\"email\" class=\"sc_emailer_input\" name=\"email\" value=\"\" placeholder=\"Digite seu email aqui\">\n<input type=\"hidden\" class=\"lang-input\" name=\"language\" value=\"&lt;wpml_curved wpml_value='language'&gt;&lt;\/wpml_curved&gt;\">\n<input type=\"submit\" class=\"sc_emailer_button\" value=\"inscrever-se\">\n<\/div><label style=\"display: none !important;\">Deixe este campo vazio se for humano: <input type=\"text\" name=\"_mc4wp_honeypot\" value=\"\" tabindex=\"-1\" autocomplete=\"off\" \/><\/label><input type=\"hidden\" name=\"_mc4wp_timestamp\" value=\"1776600282\" \/><input type=\"hidden\" name=\"_mc4wp_form_id\" value=\"2839\" \/><input type=\"hidden\" name=\"_mc4wp_form_element_id\" value=\"mc4wp-form-1\" \/><div class=\"mc4wp-response\"><\/div><\/form><!-- \/ Mailchimp for WordPress Plugin -->[\/vc_column_text][\/vc_column][vc_column width=&#8221;1\/4&#8243;][\/vc_column][\/vc_row][vc_row full_width=&#8221;stretch_row&#8221; css=&#8221;.vc_custom_1610665669070{margin-bottom: 50px !important;background-color: #f5f5f5 !important;}&#8221; el_id=&#8221;bs-category-sec&#8221;][vc_column css=&#8221;.vc_custom_1610665786300{margin-bottom: 50px !important;}&#8221;]<h4 class=\"sc_title sc_title_underline sc_align_center\" style=\"text-align:center;\">Livros por categoria<\/h4><div class=\"woocommerce columns-4\"><ul class=\"products columns-4\">\n<li class=\"product-category product first\">\n\t<a aria-label=\"Visit product category Alcor\u00e3o\" href=\"http:\/\/best-speech.org\/pt-pt\/book-category\/alcorao\/\"><img loading=\"lazy\" decoding=\"async\" src=\"http:\/\/best-speech.org\/wp-content\/uploads\/woocommerce-placeholder-340x520.png\" alt=\"Alcor\u00e3o\" width=\"340\" height=\"520\" \/>\t\t<h2 class=\"woocommerce-loop-category__title\">\n\t\t\tAlcor\u00e3o <mark class=\"count\">(2)<\/mark>\t\t<\/h2>\n\t\t<\/a><\/li>\n<li class=\"product-category product\">\n\t<a aria-label=\"Visit product category Metodo cientifico\" href=\"http:\/\/best-speech.org\/pt-pt\/book-category\/metodo-cientifico\/\"><img loading=\"lazy\" decoding=\"async\" src=\"http:\/\/best-speech.org\/wp-content\/uploads\/woocommerce-placeholder-340x520.png\" alt=\"Metodo cientifico\" width=\"340\" height=\"520\" \/>\t\t<h2 class=\"woocommerce-loop-category__title\">\n\t\t\tMetodo cientifico <mark class=\"count\">(4)<\/mark>\t\t<\/h2>\n\t\t<\/a><\/li>\n<\/ul>\n<\/div><a href=\"books-library\/\" class=\"sc_button sc_button_square sc_button_style_filled sc_button_size_small aligncenter sc_popup_link\" style=\"width:226px;\">MAIS LIVROS &#8230;<\/a>[\/vc_column][\/vc_row][vc_row][vc_column]<div class=\"columns_wrap sc_columns columns_fluid sc_columns_count_3 home1-block7 margin_top_small margin_bottom_huge\"><div class=\"column-2_3 sc_column_item sc_column_item_1 odd first span_2\"><h6 class=\"sc_title sc_title_underline sc_align_left\" style=\"text-align:left;\">Starting guide for Islam (Recommended)<\/h6><\/div><div class=\"column-1_3 sc_column_item sc_column_item_3 odd after_span_2\" style=\"padding-left: 5.5em;\">[vc_widget_sidebar sidebar_id=&#8221;single_sidebar&#8221;]<\/div><\/div>[\/vc_column][\/vc_row][vc_row full_width=&#8221;stretch_row&#8221; css=&#8221;.vc_custom_1614888603062{background: #f7f7f7 url(https:\/\/best-speech.org\/wp-content\/uploads\/2021\/03\/slide2-11.jpg?id=2791) !important;background-position: center !important;background-repeat: no-repeat !important;background-size: cover !important;}&#8221;][vc_column]<div id=\"sc_testimonials_1623536184\" class=\"sc_testimonials sc_testimonials_style_testimonials-1 \" style=\"margin-top: 4.9em;margin-bottom: 3.1em;width:100%;\"><div class=\"sc_slider_swiper swiper-slider-container sc_slider_pagination sc_slider_pagination_bottom sc_slider_nocontrols sc_slider_height_auto\" data-interval=\"5058\" data-slides-min-width=\"250\"><div class=\"slides swiper-wrapper\"><div class=\"swiper-slide\" data-style=\"width:100%;\" style=\"width:100%;\">\t\t\t<div id=\"sc_testimonials_1623536184_1\" class=\"sc_testimonial_item\">\n\t\t\t\t<div class=\"sc_testimonial_content\"><p>Adoro ler livros de romance. \u00c9 t\u00e3o incr\u00edvel ter sua hist\u00f3ria de amor em um livro que voc\u00ea sempre pode olhar para tr\u00e1s e nunca esquecer o quanto voc\u00eas se amam.<\/p>\n<\/div>\n\t\t\t\t\t\t\t\t<div class=\"sc_testimonial_avatar\"><img loading=\"lazy\" decoding=\"async\" class=\"wp-post-image\" width=\"47\" height=\"47\" alt=\"Dean White\" src=\"http:\/\/best-speech.org\/wp-content\/uploads\/2016\/02\/testimonials-2-47x47.jpg\"><\/div>\n\t\t\t\t\t\t\t\t\t\t\t\t<div class=\"sc_testimonial_author\"><a href=\"https:\/\/en.wikipedia.org\/wiki\/Dean_White_(businessman)\" class=\"sc_testimonial_author_name\">Dean White<\/a><\/div>\n\t\t\t\t\t\t\t<\/div>\n\t\t<\/div><\/div><div class=\"sc_slider_controls_wrap\"><a class=\"sc_slider_prev\" href=\"#\"><\/a><a class=\"sc_slider_next\" href=\"#\"><\/a><\/div><div class=\"sc_slider_pagination_wrap\"><\/div><\/div><\/div>[\/vc_column][\/vc_row]<\/p>\n","protected":false},"excerpt":{"rendered":"<p>[vc_row el_id=&#8221;home-products-section&#8221;][vc_column][vc_row_inner][vc_column_inner][rev_slider slidertitle=&#8221;Home Slider PT&#8221; alias=&#8221;home-slider-es-1&#8243; offset=&#8221;&#8221;][\/vc_column_inner][\/vc_row_inner][\/vc_column][\/vc_row][vc_row full_width=&#8221;stretch_row&#8221; css=&#8221;.vc_custom_1609930225984{background-color: #53877a !important;}&#8221;][vc_column width=&#8221;1\/4&#8243;][\/vc_column][vc_column width=&#8221;1\/2&#8243; css=&#8221;.vc_custom_1493217910336{padding-top: 1.5em !important;}&#8221;][vc_column_text css=&#8221;.vc_custom_1493217916802{margin-bottom: 3.5em !important;}&#8221;][\/vc_column_text][\/vc_column][vc_column width=&#8221;1\/4&#8243;][\/vc_column][\/vc_row][vc_row full_width=&#8221;stretch_row&#8221; css=&#8221;.vc_custom_1610665669070{margin-bottom: 50px !important;background-color: #f5f5f5 !important;}&#8221; el_id=&#8221;bs-category-sec&#8221;][vc_column css=&#8221;.vc_custom_1610665786300{margin-bottom: 50px !important;}&#8221;][\/vc_column][\/vc_row][vc_row][vc_column][\/vc_column][\/vc_row][vc_row [&hellip;]<\/p>\n","protected":false},"author":1,"featured_media":0,"parent":0,"menu_order":0,"comment_status":"closed","ping_status":"closed","template":"","meta":{"footnotes":""},"class_list":["post-2403","page","type-page","status-publish","hentry"],"yoast_head":"<!-- This site is optimized with the Yoast SEO plugin v26.6 - https:\/\/yoast.com\/wordpress\/plugins\/seo\/ -->\n<title>Ahsan AlQawl | Pagina inicial<\/title>\n<meta name=\"description\" content=\"Pagina inicial\" \/>\n<meta name=\"robots\" content=\"index, follow, max-snippet:-1, max-image-preview:large, max-video-preview:-1\" \/>\n<link rel=\"canonical\" href=\"http:\/\/best-speech.org\/pt-pt\/\" \/>\n<meta property=\"og:locale\" content=\"pt_PT\" \/>\n<meta property=\"og:type\" content=\"article\" \/>\n<meta property=\"og:title\" content=\"Ahsan AlQawl | Pagina inicial\" \/>\n<meta property=\"og:description\" content=\"Pagina inicial\" \/>\n<meta property=\"og:url\" content=\"http:\/\/best-speech.org\/pt-pt\/\" \/>\n<meta property=\"og:site_name\" content=\"Ahsan AlQawl\" \/>\n<meta property=\"article:publisher\" content=\"https:\/\/m.facebook.com\/BSS.English\/\" \/>\n<meta property=\"article:modified_time\" content=\"2021-03-05T12:01:03+00:00\" \/>\n<meta property=\"og:image\" content=\"http:\/\/best-speech.org\/wp-content\/uploads\/2021\/01\/Ahsan-El-Kawl2.RenamePNG.png\" \/>\n\t<meta property=\"og:image:width\" content=\"549\" \/>\n\t<meta property=\"og:image:height\" content=\"594\" \/>\n\t<meta property=\"og:image:type\" content=\"image\/png\" \/>\n<meta name=\"twitter:card\" content=\"summary_large_image\" \/>\n<meta name=\"twitter:label1\" content=\"Tempo estimado de leitura\" \/>\n\t<meta name=\"twitter:data1\" content=\"1 minuto\" \/>\n<script type=\"application\/ld+json\" class=\"yoast-schema-graph\">{\"@context\":\"https:\/\/schema.org\",\"@graph\":[{\"@type\":\"WebPage\",\"@id\":\"http:\/\/best-speech.org\/pt-pt\/\",\"url\":\"http:\/\/best-speech.org\/pt-pt\/\",\"name\":\"Ahsan AlQawl | Pagina inicial\",\"isPartOf\":{\"@id\":\"https:\/\/best-speech.org\/#website\"},\"datePublished\":\"2021-01-30T16:57:44+00:00\",\"dateModified\":\"2021-03-05T12:01:03+00:00\",\"description\":\"Pagina inicial\",\"breadcrumb\":{\"@id\":\"http:\/\/best-speech.org\/pt-pt\/#breadcrumb\"},\"inLanguage\":\"pt-PT\",\"potentialAction\":[{\"@type\":\"ReadAction\",\"target\":[\"http:\/\/best-speech.org\/pt-pt\/\"]}]},{\"@type\":\"BreadcrumbList\",\"@id\":\"http:\/\/best-speech.org\/pt-pt\/#breadcrumb\",\"itemListElement\":[{\"@type\":\"ListItem\",\"position\":1,\"name\":\"Home\",\"item\":\"http:\/\/best-speech.org\/pt-pt\/\"},{\"@type\":\"ListItem\",\"position\":2,\"name\":\"Pagina inicial\"}]},{\"@type\":\"WebSite\",\"@id\":\"https:\/\/best-speech.org\/#website\",\"url\":\"https:\/\/best-speech.org\/\",\"name\":\"Ahsan AlQawl\",\"description\":\"\",\"publisher\":{\"@id\":\"https:\/\/best-speech.org\/#organization\"},\"potentialAction\":[{\"@type\":\"SearchAction\",\"target\":{\"@type\":\"EntryPoint\",\"urlTemplate\":\"https:\/\/best-speech.org\/?s={search_term_string}\"},\"query-input\":{\"@type\":\"PropertyValueSpecification\",\"valueRequired\":true,\"valueName\":\"search_term_string\"}}],\"inLanguage\":\"pt-PT\"},{\"@type\":\"Organization\",\"@id\":\"https:\/\/best-speech.org\/#organization\",\"name\":\"Ahsan AlQawl\",\"url\":\"https:\/\/best-speech.org\/\",\"logo\":{\"@type\":\"ImageObject\",\"inLanguage\":\"pt-PT\",\"@id\":\"https:\/\/best-speech.org\/#\/schema\/logo\/image\/\",\"url\":\"http:\/\/best-speech.org\/wp-content\/uploads\/2021\/01\/Ahsan-El-Kawl2.RenamePNG.png\",\"contentUrl\":\"http:\/\/best-speech.org\/wp-content\/uploads\/2021\/01\/Ahsan-El-Kawl2.RenamePNG.png\",\"width\":549,\"height\":594,\"caption\":\"Ahsan AlQawl\"},\"image\":{\"@id\":\"https:\/\/best-speech.org\/#\/schema\/logo\/image\/\"},\"sameAs\":[\"https:\/\/m.facebook.com\/BSS.English\/\",\"https:\/\/www.youtube.com\/channel\/UC3uSMcAcDydMe1V17vM-Eow\"]}]}<\/script>\n<!-- \/ Yoast SEO plugin. -->","yoast_head_json":{"title":"Ahsan AlQawl | Pagina inicial","description":"Pagina inicial","robots":{"index":"index","follow":"follow","max-snippet":"max-snippet:-1","max-image-preview":"max-image-preview:large","max-video-preview":"max-video-preview:-1"},"canonical":"http:\/\/best-speech.org\/pt-pt\/","og_locale":"pt_PT","og_type":"article","og_title":"Ahsan AlQawl | Pagina inicial","og_description":"Pagina inicial","og_url":"http:\/\/best-speech.org\/pt-pt\/","og_site_name":"Ahsan AlQawl","article_publisher":"https:\/\/m.facebook.com\/BSS.English\/","article_modified_time":"2021-03-05T12:01:03+00:00","og_image":[{"width":549,"height":594,"url":"http:\/\/best-speech.org\/wp-content\/uploads\/2021\/01\/Ahsan-El-Kawl2.RenamePNG.png","type":"image\/png"}],"twitter_card":"summary_large_image","twitter_misc":{"Tempo estimado de leitura":"1 minuto"},"schema":{"@context":"https:\/\/schema.org","@graph":[{"@type":"WebPage","@id":"http:\/\/best-speech.org\/pt-pt\/","url":"http:\/\/best-speech.org\/pt-pt\/","name":"Ahsan AlQawl | Pagina inicial","isPartOf":{"@id":"https:\/\/best-speech.org\/#website"},"datePublished":"2021-01-30T16:57:44+00:00","dateModified":"2021-03-05T12:01:03+00:00","description":"Pagina inicial","breadcrumb":{"@id":"http:\/\/best-speech.org\/pt-pt\/#breadcrumb"},"inLanguage":"pt-PT","potentialAction":[{"@type":"ReadAction","target":["http:\/\/best-speech.org\/pt-pt\/"]}]},{"@type":"BreadcrumbList","@id":"http:\/\/best-speech.org\/pt-pt\/#breadcrumb","itemListElement":[{"@type":"ListItem","position":1,"name":"Home","item":"http:\/\/best-speech.org\/pt-pt\/"},{"@type":"ListItem","position":2,"name":"Pagina inicial"}]},{"@type":"WebSite","@id":"https:\/\/best-speech.org\/#website","url":"https:\/\/best-speech.org\/","name":"Ahsan AlQawl","description":"","publisher":{"@id":"https:\/\/best-speech.org\/#organization"},"potentialAction":[{"@type":"SearchAction","target":{"@type":"EntryPoint","urlTemplate":"https:\/\/best-speech.org\/?s={search_term_string}"},"query-input":{"@type":"PropertyValueSpecification","valueRequired":true,"valueName":"search_term_string"}}],"inLanguage":"pt-PT"},{"@type":"Organization","@id":"https:\/\/best-speech.org\/#organization","name":"Ahsan AlQawl","url":"https:\/\/best-speech.org\/","logo":{"@type":"ImageObject","inLanguage":"pt-PT","@id":"https:\/\/best-speech.org\/#\/schema\/logo\/image\/","url":"http:\/\/best-speech.org\/wp-content\/uploads\/2021\/01\/Ahsan-El-Kawl2.RenamePNG.png","contentUrl":"http:\/\/best-speech.org\/wp-content\/uploads\/2021\/01\/Ahsan-El-Kawl2.RenamePNG.png","width":549,"height":594,"caption":"Ahsan AlQawl"},"image":{"@id":"https:\/\/best-speech.org\/#\/schema\/logo\/image\/"},"sameAs":["https:\/\/m.facebook.com\/BSS.English\/","https:\/\/www.youtube.com\/channel\/UC3uSMcAcDydMe1V17vM-Eow"]}]}},"_links":{"self":[{"href":"http:\/\/best-speech.org\/pt-pt\/wp-json\/wp\/v2\/pages\/2403","targetHints":{"allow":["GET"]}}],"collection":[{"href":"http:\/\/best-speech.org\/pt-pt\/wp-json\/wp\/v2\/pages"}],"about":[{"href":"http:\/\/best-speech.org\/pt-pt\/wp-json\/wp\/v2\/types\/page"}],"author":[{"embeddable":true,"href":"http:\/\/best-speech.org\/pt-pt\/wp-json\/wp\/v2\/users\/1"}],"replies":[{"embeddable":true,"href":"http:\/\/best-speech.org\/pt-pt\/wp-json\/wp\/v2\/comments?post=2403"}],"version-history":[{"count":5,"href":"http:\/\/best-speech.org\/pt-pt\/wp-json\/wp\/v2\/pages\/2403\/revisions"}],"predecessor-version":[{"id":2821,"href":"http:\/\/best-speech.org\/pt-pt\/wp-json\/wp\/v2\/pages\/2403\/revisions\/2821"}],"wp:attachment":[{"href":"http:\/\/best-speech.org\/pt-pt\/wp-json\/wp\/v2\/media?parent=2403"}],"curies":[{"name":"wp","href":"https:\/\/api.w.org\/{rel}","templated":true}]}}